{"id":16169,"date":"2020-12-01T15:59:24","date_gmt":"2020-12-01T15:59:24","guid":{"rendered":"https:\/\/unruffled-rosalind.185-129-249-63.plesk.page\/avis-legal\/"},"modified":"2021-02-16T16:55:32","modified_gmt":"2021-02-16T16:55:32","slug":"aviso-legal","status":"publish","type":"page","link":"https:\/\/unruffled-rosalind.185-129-249-63.plesk.page\/es\/aviso-legal\/","title":{"rendered":"Aviso Legal"},"content":{"rendered":"\t\t<div data-elementor-type=\"wp-page\" data-elementor-id=\"16169\" class=\"elementor elementor-16169 elementor-12834\" data-elementor-post-type=\"page\">\n\t\t\t\t\t\t\t\t\t<section class=\"elementor-section elementor-top-section elementor-element elementor-element-7018110 elementor-section-content-middle elementor-section-stretched elementor-section-boxed elementor-section-height-default elementor-section-height-default\" data-id=\"7018110\" data-element_type=\"section\" data-settings=\"{&quot;stretch_section&quot;:&quot;section-stretched&quot;,&quot;jet_parallax_layout_list&quot;:[{&quot;jet_parallax_layout_image&quot;:{&quot;url&quot;:&quot;&quot;,&quot;id&quot;:&quot;&quot;,&quot;size&quot;:&quot;&quot;},&quot;_id&quot;:&quot;69e5e79&quot;,&quot;jet_parallax_layout_speed&quot;:{&quot;unit&quot;:&quot;%&quot;,&quot;size&quot;:50,&quot;sizes&quot;:[]},&quot;jet_parallax_layout_image_tablet&quot;:{&quot;url&quot;:&quot;&quot;,&quot;id&quot;:&quot;&quot;,&quot;size&quot;:&quot;&quot;},&quot;jet_parallax_layout_image_mobile&quot;:{&quot;url&quot;:&quot;&quot;,&quot;id&quot;:&quot;&quot;,&quot;size&quot;:&quot;&quot;},&quot;jet_parallax_layout_type&quot;:&quot;scroll&quot;,&quot;jet_parallax_layout_direction&quot;:null,&quot;jet_parallax_layout_fx_direction&quot;:null,&quot;jet_parallax_layout_z_index&quot;:&quot;&quot;,&quot;jet_parallax_layout_bg_x&quot;:50,&quot;jet_parallax_layout_bg_x_tablet&quot;:&quot;&quot;,&quot;jet_parallax_layout_bg_x_mobile&quot;:&quot;&quot;,&quot;jet_parallax_layout_bg_y&quot;:50,&quot;jet_parallax_layout_bg_y_tablet&quot;:&quot;&quot;,&quot;jet_parallax_layout_bg_y_mobile&quot;:&quot;&quot;,&quot;jet_parallax_layout_bg_size&quot;:&quot;auto&quot;,&quot;jet_parallax_layout_bg_size_tablet&quot;:&quot;&quot;,&quot;jet_parallax_layout_bg_size_mobile&quot;:&quot;&quot;,&quot;jet_parallax_layout_animation_prop&quot;:&quot;transform&quot;,&quot;jet_parallax_layout_on&quot;:[&quot;desktop&quot;,&quot;tablet&quot;]}]}\">\n\t\t\t\t\t\t\t<div class=\"elementor-background-overlay\"><\/div>\n\t\t\t\t\t\t\t<div class=\"elementor-container elementor-column-gap-default\">\n\t\t\t\t\t<div class=\"elementor-column elementor-col-100 elementor-top-column elementor-element elementor-element-197e2f1\" data-id=\"197e2f1\" data-element_type=\"column\">\n\t\t\t<div class=\"elementor-widget-wrap elementor-element-populated\">\n\t\t\t\t\t\t\t\t<div class=\"elementor-element elementor-element-2869cc8 elementor-widget elementor-widget-heading\" data-id=\"2869cc8\" data-element_type=\"widget\" data-settings=\"{&quot;_animation&quot;:&quot;none&quot;}\" data-widget_type=\"heading.default\">\n\t\t\t\t<div class=\"elementor-widget-container\">\n\t\t\t<h5 class=\"elementor-heading-title elementor-size-default\">T\u00c9RMINOS Y CONDICIONES DE USO<\/h5>\t\t<\/div>\n\t\t\t\t<\/div>\n\t\t\t\t<div class=\"elementor-element elementor-element-2bb5323 elementor-widget elementor-widget-heading\" data-id=\"2bb5323\" data-element_type=\"widget\" data-widget_type=\"heading.default\">\n\t\t\t\t<div class=\"elementor-widget-container\">\n\t\t\t<h2 class=\"elementor-heading-title elementor-size-default\">Aviso Legal<\/h2>\t\t<\/div>\n\t\t\t\t<\/div>\n\t\t\t\t<div class=\"elementor-element elementor-element-76e602e elementor-widget-divider--view-line elementor-widget elementor-widget-divider\" data-id=\"76e602e\" data-element_type=\"widget\" data-widget_type=\"divider.default\">\n\t\t\t\t<div class=\"elementor-widget-container\">\n\t\t\t\t\t<div class=\"elementor-divider\">\n\t\t\t<span class=\"elementor-divider-separator\">\n\t\t\t\t\t\t<\/span>\n\t\t<\/div>\n\t\t\t\t<\/div>\n\t\t\t\t<\/div>\n\t\t\t\t<div class=\"elementor-element elementor-element-6dd5706 elementor-widget elementor-widget-text-editor\" data-id=\"6dd5706\" data-element_type=\"widget\" data-widget_type=\"text-editor.default\">\n\t\t\t\t<div class=\"elementor-widget-container\">\n\t\t\t\t\t\t\t<div id=\"bannerR\"><div id=\"div-gpt-ad-1474537762122-3\" data-google-query-id=\"CM6mh-2s1ewCFUFuGwodJJkM_w\"><div id=\"google_ads_iframe_\/15188745\/Lipsum-Unit4_0__container__\"><h3>\u00a0<\/h3><h3>Titularidad del sitio web<\/h3><p>turismelacostera.com, es un dominio en internet de titularidad:<\/p><p><strong>Mancomunitat Costera &#8211; Canal<\/strong><br \/>Plaza de la Seo, 11 &#8211; CP: 46800<br \/>X\u00e0tiva (Val\u00e8ncia)<br \/>Tel: 962280441<br \/>email: <a href=\"mailto:info@unruffled-rosalind.185-129-249-63.plesk.page\" target=\"_blank\" rel=\"noopener\">info@unruffled-rosalind.185-129-249-63.plesk.page<\/a><\/p><p>El Ayuntamiento, mediante este espacio web, pone a disposici\u00f3n de los diferentes usuarios el acceso y utilizaci\u00f3n de servicios e informaci\u00f3n referidos tanto a su \u00e1mbito de actuaci\u00f3n como, si se da el caso, proporcionados por terceros.<\/p><p>Este sitio web y todos sus contenidos, incluyendo los textos, im\u00e1genes, c\u00f3digos y cualquier otro material, son propiedad del Ayuntamiento o de terceros que han autorizado su uso.<\/p><p>La informaci\u00f3n y elementos divulgados a trav\u00e9s de estas p\u00e1ginas se encuentran protegidos por las leyes espa\u00f1olas e internacionales sobre Propiedad Industrial e Intelectual. De tal modo que se proh\u00edbe su reproducci\u00f3n, distribuci\u00f3n y comunicaci\u00f3n p\u00fablica sin la autorizaci\u00f3n expresa del Ayuntamiento.<\/p><h3>T\u00e9rminos y condiciones de uso<\/h3><p>Se considera usuario del presente sitio web a cualquiera que acceda y utilice el mismo. La condici\u00f3n de usuario comporta la total aceptaci\u00f3n de las condiciones establecidas en el presente Aviso Legal y en las especiales que puedan establecerse para determinados servicios y utilidades. Los usuarios adquieren el compromiso de ajustar su actuaci\u00f3n a las citadas condiciones y a observar el dispuesto por la normativa legal, as\u00ed como a las instrucciones y avisos que se ponen en su conocimiento.<\/p><p>Cuando sea necesaria la utilizaci\u00f3n de una contrase\u00f1a o nombre de usuario para acceder a alg\u00fan contenido o servicio de este sitio web, el usuario queda obligado a mantenerla en secreto y a hacer de ella un uso diligente. En caso de p\u00e9rdida o utilizaci\u00f3n negligente de la contrase\u00f1a el usuario responder\u00e1 de la utilizaci\u00f3n que de ella hayan podido hacer terceras personas.<\/p><p>Se proh\u00edbe la reproducci\u00f3n total o parcial de los contenidos de esta Web sin citar su origen o solicitar autorizaci\u00f3n.<\/p><p>El Ayuntamiento no es responsable del mal uso que los usuarios realizan de los contenidos de su sitio web y se reserva el derecho de actualizar, modificar, conservar, eliminar, o impedir el acceso a cualquier contenido que aparezcan en el mismo o de cerrarlo sin previo aviso.<\/p><p>El Ayuntamiento no es responsable de los contenidos situados fuera de su web, en los sitios web de terceros, a los cuales se pueda acceder intermediando o a trav\u00e9s de enlaces situados en el sitio web del ayuntamiento. En el caso de foros abiertos o espacios de opini\u00f3n en sus p\u00e1ginas web, el Ayuntamiento no se obliga a controlar las opiniones o informaciones abocadas por los usuarios, pero se reserva el derecho a eliminar aquellas que puedan resultar contrarias a la legalidad vigente, especialmente cuando impliquen una vulneraci\u00f3n de los derechos y libertades fundamentales, a los buenos usos y a los presentes t\u00e9rminos y condiciones. El Ayuntamiento no ser\u00e1 responsable de posibles da\u00f1os o perjuicios que se pudieran derivar de interferencias, omisiones, interrupciones, aver\u00edas o desconexiones en el funcionamiento operativo de este sistema electr\u00f3nico, motivadas por causas ajenas al Ayuntamiento, o como consecuencia de ajustamientos o problemas t\u00e9cnicos propios; as\u00ed como de da\u00f1os que puedan ser causados por virus inform\u00e1ticos y por terceras personas mediante intromisiones ileg\u00edtimas fuera del control del ayuntamiento.<\/p><p>La informaci\u00f3n administrativa publicada en este sitio web tiene car\u00e1cter meramente orientativo; por lo tanto, ni sustituye la publicidad de los documentos que tengan que publicarse en Diarios y Boletines Oficiales, la edici\u00f3n de los cuales es el \u00fanico instrumento que da fe de la autenticidad y del contenido de los mismos, ni de la misma puede derivarse efecto jur\u00eddico vinculando alguno, debiendo el usuario contrastar la citada informaci\u00f3n con el existente en los Diarios y Boletines Oficiales, si procede, o con la obrante en las dependencias pertinentes de la Administraci\u00f3n. En concreto, esta informaci\u00f3n no podr\u00e1 ser vinculante en la resoluci\u00f3n de procedimientos administrativos ni alegarse en procesos contradictorios con la Administraci\u00f3n P\u00fablica. En consecuencia, el Ayuntamiento no se hace responsable de los posibles da\u00f1os y perjuicios que el uso de esta informaci\u00f3n pudiera ocasionar. El Ayuntamiento se reserva el derecho de modificar los t\u00e9rminos y condiciones establecidos en el presente Aviso Legal.<\/p><\/div><\/div><\/div>\t\t\t\t\t\t<\/div>\n\t\t\t\t<\/div>\n\t\t\t\t\t<\/div>\n\t\t<\/div>\n\t\t\t\t\t\t\t<\/div>\n\t\t<\/section>\n\t\t\t\t\t\t\t<\/div>\n\t\t","protected":false},"excerpt":{"rendered":"<p>T\u00c9RMINOS Y CONDICIONES DE USO Aviso Legal \u00a0 Titularidad del sitio web turismelacostera.com, es un dominio en internet de titularidad: Mancomunitat Costera &#8211; CanalPlaza de la Seo, 11 &#8211; CP: 46800X\u00e0tiva (Val\u00e8ncia)Tel: 962280441email: info@unruffled-rosalind.185-129-249-63.plesk.page El Ayuntamiento, mediante este espacio web, pone a disposici\u00f3n de los diferentes usuarios el acceso y utilizaci\u00f3n de servicios e informaci\u00f3n [&hellip;]<\/p>\n","protected":false},"author":1,"featured_media":0,"parent":0,"menu_order":0,"comment_status":"closed","ping_status":"closed","template":"","meta":{"footnotes":""},"acf":[],"yoast_head":"<!-- This site is optimized with the Yoast SEO plugin v21.5 - https:\/\/yoast.com\/wordpress\/plugins\/seo\/ -->\n<title>Aviso Legal - Turisme La Costera<\/title>\n<meta name=\"robots\" content=\"noindex, nofollow\" \/>\n<meta property=\"og:locale\" content=\"es_ES\" \/>\n<meta property=\"og:type\" content=\"article\" \/>\n<meta property=\"og:title\" content=\"Aviso Legal - Turisme La Costera\" \/>\n<meta property=\"og:description\" content=\"T\u00c9RMINOS Y CONDICIONES DE USO Aviso Legal \u00a0 Titularidad del sitio web turismelacostera.com, es un dominio en internet de titularidad: Mancomunitat Costera &#8211; CanalPlaza de la Seo, 11 &#8211; CP: 46800X\u00e0tiva (Val\u00e8ncia)Tel: 962280441email: info@unruffled-rosalind.185-129-249-63.plesk.page El Ayuntamiento, mediante este espacio web, pone a disposici\u00f3n de los diferentes usuarios el acceso y utilizaci\u00f3n de servicios e informaci\u00f3n [&hellip;]\" \/>\n<meta property=\"og:url\" content=\"https:\/\/unruffled-rosalind.185-129-249-63.plesk.page\/es\/aviso-legal\/\" \/>\n<meta property=\"og:site_name\" content=\"Turisme la Costera l Tesoros del interior\" \/>\n<meta property=\"article:modified_time\" content=\"2021-02-16T16:55:32+00:00\" \/>\n<meta name=\"twitter:card\" content=\"summary_large_image\" \/>\n<meta name=\"twitter:label1\" content=\"Tiempo de lectura\" \/>\n\t<meta name=\"twitter:data1\" content=\"3 minutos\" \/>\n<script type=\"application\/ld+json\" class=\"yoast-schema-graph\">{\"@context\":\"https:\/\/schema.org\",\"@graph\":[{\"@type\":\"WebPage\",\"@id\":\"https:\/\/unruffled-rosalind.185-129-249-63.plesk.page\/es\/aviso-legal\/\",\"url\":\"https:\/\/unruffled-rosalind.185-129-249-63.plesk.page\/es\/aviso-legal\/\",\"name\":\"Aviso Legal - Turisme La Costera\",\"isPartOf\":{\"@id\":\"https:\/\/unruffled-rosalind.185-129-249-63.plesk.page\/es\/#website\"},\"datePublished\":\"2020-12-01T15:59:24+00:00\",\"dateModified\":\"2021-02-16T16:55:32+00:00\",\"breadcrumb\":{\"@id\":\"https:\/\/unruffled-rosalind.185-129-249-63.plesk.page\/es\/aviso-legal\/#breadcrumb\"},\"inLanguage\":\"es\",\"potentialAction\":[{\"@type\":\"ReadAction\",\"target\":[\"https:\/\/unruffled-rosalind.185-129-249-63.plesk.page\/es\/aviso-legal\/\"]}]},{\"@type\":\"BreadcrumbList\",\"@id\":\"https:\/\/unruffled-rosalind.185-129-249-63.plesk.page\/es\/aviso-legal\/#breadcrumb\",\"itemListElement\":[{\"@type\":\"ListItem\",\"position\":1,\"name\":\"Portada\",\"item\":\"https:\/\/unruffled-rosalind.185-129-249-63.plesk.page\/es\/\"},{\"@type\":\"ListItem\",\"position\":2,\"name\":\"Aviso Legal\"}]},{\"@type\":\"WebSite\",\"@id\":\"https:\/\/unruffled-rosalind.185-129-249-63.plesk.page\/es\/#website\",\"url\":\"https:\/\/unruffled-rosalind.185-129-249-63.plesk.page\/es\/\",\"name\":\"Turisme la Costera l Tesoros del interior\",\"description\":\"Descobreix els tresors que amaga l&#039;interior de Val\u00e8ncia\",\"potentialAction\":[{\"@type\":\"SearchAction\",\"target\":{\"@type\":\"EntryPoint\",\"urlTemplate\":\"https:\/\/unruffled-rosalind.185-129-249-63.plesk.page\/es\/?s={search_term_string}\"},\"query-input\":\"required name=search_term_string\"}],\"inLanguage\":\"es\"}]}<\/script>\n<!-- \/ Yoast SEO plugin. -->","yoast_head_json":{"title":"Aviso Legal - Turisme La Costera","robots":{"index":"noindex","follow":"nofollow"},"og_locale":"es_ES","og_type":"article","og_title":"Aviso Legal - Turisme La Costera","og_description":"T\u00c9RMINOS Y CONDICIONES DE USO Aviso Legal \u00a0 Titularidad del sitio web turismelacostera.com, es un dominio en internet de titularidad: Mancomunitat Costera &#8211; CanalPlaza de la Seo, 11 &#8211; CP: 46800X\u00e0tiva (Val\u00e8ncia)Tel: 962280441email: info@unruffled-rosalind.185-129-249-63.plesk.page El Ayuntamiento, mediante este espacio web, pone a disposici\u00f3n de los diferentes usuarios el acceso y utilizaci\u00f3n de servicios e informaci\u00f3n [&hellip;]","og_url":"https:\/\/unruffled-rosalind.185-129-249-63.plesk.page\/es\/aviso-legal\/","og_site_name":"Turisme la Costera l Tesoros del interior","article_modified_time":"2021-02-16T16:55:32+00:00","twitter_card":"summary_large_image","twitter_misc":{"Tiempo de lectura":"3 minutos"},"schema":{"@context":"https:\/\/schema.org","@graph":[{"@type":"WebPage","@id":"https:\/\/unruffled-rosalind.185-129-249-63.plesk.page\/es\/aviso-legal\/","url":"https:\/\/unruffled-rosalind.185-129-249-63.plesk.page\/es\/aviso-legal\/","name":"Aviso Legal - Turisme La Costera","isPartOf":{"@id":"https:\/\/unruffled-rosalind.185-129-249-63.plesk.page\/es\/#website"},"datePublished":"2020-12-01T15:59:24+00:00","dateModified":"2021-02-16T16:55:32+00:00","breadcrumb":{"@id":"https:\/\/unruffled-rosalind.185-129-249-63.plesk.page\/es\/aviso-legal\/#breadcrumb"},"inLanguage":"es","potentialAction":[{"@type":"ReadAction","target":["https:\/\/unruffled-rosalind.185-129-249-63.plesk.page\/es\/aviso-legal\/"]}]},{"@type":"BreadcrumbList","@id":"https:\/\/unruffled-rosalind.185-129-249-63.plesk.page\/es\/aviso-legal\/#breadcrumb","itemListElement":[{"@type":"ListItem","position":1,"name":"Portada","item":"https:\/\/unruffled-rosalind.185-129-249-63.plesk.page\/es\/"},{"@type":"ListItem","position":2,"name":"Aviso Legal"}]},{"@type":"WebSite","@id":"https:\/\/unruffled-rosalind.185-129-249-63.plesk.page\/es\/#website","url":"https:\/\/unruffled-rosalind.185-129-249-63.plesk.page\/es\/","name":"Turisme la Costera l Tesoros del interior","description":"Descobreix els tresors que amaga l&#039;interior de Val\u00e8ncia","potentialAction":[{"@type":"SearchAction","target":{"@type":"EntryPoint","urlTemplate":"https:\/\/unruffled-rosalind.185-129-249-63.plesk.page\/es\/?s={search_term_string}"},"query-input":"required name=search_term_string"}],"inLanguage":"es"}]}},"_links":{"self":[{"href":"https:\/\/unruffled-rosalind.185-129-249-63.plesk.page\/es\/wp-json\/wp\/v2\/pages\/16169"}],"collection":[{"href":"https:\/\/unruffled-rosalind.185-129-249-63.plesk.page\/es\/wp-json\/wp\/v2\/pages"}],"about":[{"href":"https:\/\/unruffled-rosalind.185-129-249-63.plesk.page\/es\/wp-json\/wp\/v2\/types\/page"}],"author":[{"embeddable":true,"href":"https:\/\/unruffled-rosalind.185-129-249-63.plesk.page\/es\/wp-json\/wp\/v2\/users\/1"}],"replies":[{"embeddable":true,"href":"https:\/\/unruffled-rosalind.185-129-249-63.plesk.page\/es\/wp-json\/wp\/v2\/comments?post=16169"}],"version-history":[{"count":0,"href":"https:\/\/unruffled-rosalind.185-129-249-63.plesk.page\/es\/wp-json\/wp\/v2\/pages\/16169\/revisions"}],"wp:attachment":[{"href":"https:\/\/unruffled-rosalind.185-129-249-63.plesk.page\/es\/wp-json\/wp\/v2\/media?parent=16169"}],"curies":[{"name":"wp","href":"https:\/\/api.w.org\/{rel}","templated":true}]}}